{"id":386,"date":"2023-09-11T11:53:39","date_gmt":"2023-09-11T11:53:39","guid":{"rendered":"http:\/\/shkollatpi.dppi.gov.al\/?page_id=386"},"modified":"2023-11-13T09:21:41","modified_gmt":"2023-11-13T09:21:41","slug":"konkurse","status":"publish","type":"page","link":"https:\/\/shkollatpi.dppi.gov.al\/?page_id=386","title":{"rendered":"Konkurse"},"content":{"rendered":"\n<p>Nuk mund t\u00eb mbyllej m\u00eb bukur dita e sotme sesa me t\u00eb rinjt\u00eb inovator\u00eb t\u00eb Kryeqytetit, djem dhe vajza t\u00eb talentuar n\u00eb fusha t\u00eb ndryshme t\u00eb shkenc\u00ebs.<\/p>\n\n\n\n<p>Finalizuam n\u00eb k\u00ebt\u00eb m\u00ebnyr\u00eb konkursin q\u00eb Drejtoria e P\u00ebrgjithshme e Pron\u00ebsis\u00eb Industriale kishte lancuar k\u00ebt\u00eb vit n\u00ebn sloganin &#8220;Pron\u00ebsia Intelektuale dhe Rinia \u2013 Inovacioni p\u00ebr nj\u00eb t\u00eb ardhme m\u00eb t\u00eb mir\u00eb&#8221;.<\/p>\n\n\n\n<p>Nj\u00eb tradit\u00eb e krijuar tashm\u00eb prej vitesh, Drejtoria e P\u00ebrgjithshme e Pron\u00ebsis\u00eb Industriale n\u00eb bashk\u00ebpunim me Bashkin\u00eb Tiran\u00eb, Vigan Group dhe Dhom\u00ebn e Tregtis\u00eb dhe Industris\u00eb Tiran\u00eb,<\/p>\n\n\n\n<p>organizuan n\u00eb mjediset e Amfiteatrit t\u00eb Parkut &#8220;Rinia&#8221; konkursin me Institucionet e Arsimit t\u00eb Lart\u00eb dhe parauniversitar.<\/p>\n\n\n\n<p>Mor\u00ebn pjes\u00eb:<\/p>\n\n\n\n<p>Universiteti Politeknik i Tiran\u00ebs;<\/p>\n\n\n\n<p>Fakulteti i Shkencave t\u00eb Natyr\u00ebs;<\/p>\n\n\n\n<p>Fakulteti Gjeologji-Miniera<\/p>\n\n\n\n<p>Universiteti EPOKA;<\/p>\n\n\n\n<p>Shkolla Harry Fultz;<\/p>\n\n\n\n<p>Shkolla profesionale Gjergji Canco.<\/p>\n\n\n\n<p>Student\u00ebt dhe t\u00eb rinjt\u00eb inovator t\u00eb qytetit t\u00eb Tiran\u00ebs shpreh\u00ebn idet\u00eb e tyre krijuese p\u00ebr nj\u00eb t\u00eb ardhme m\u00eb t\u00eb mir\u00eb.<\/p>\n\n\n\n<p>P\u00ebr t\u00eb gjith\u00eb student\u00ebt dhe nx\u00ebn\u00ebsit e talentuar t\u00eb konkursit u shp\u00ebrndan\u00eb materiale promovuese dhe \u00e7ertifikata pjes\u00ebmarrjeje.<\/p>\n\n\n\n<p>Krijimet m\u00eb t\u00eb mira me ide inovatore u vler\u00ebsuan me \u00e7mime simbolike nga partner\u00ebt tan\u00eb mb\u00ebshtet\u00ebs.<\/p>\n\n\n\n<p>Juria e konkursit e p\u00ebrb\u00ebr\u00eb nga:<\/p>\n\n\n\n<p>znj. Keti Luarasi, Bashkia Tiran\u00eb,<\/p>\n\n\n\n<p>znj. Arjodita Mustali, Vigan Group,<\/p>\n\n\n\n<p>znj. Albana Laknori, Sekretare e P\u00ebrgjithshme e Dhom\u00ebs s\u00eb Tregtis\u00eb dhe Industris\u00eb Tiran\u00eb si dhe,<\/p>\n\n\n\n<p>znj. Gentiana Bardhi P\u00ebrgjegj\u00ebse n\u00eb Sektorin e Patentave pran\u00eb DPPI vler\u00ebsuan me \u00e7mime k\u00ebta t\u00eb rinj p\u00ebrfaq\u00ebsues t\u00eb k\u00ebtyre shkollave:<\/p>\n\n\n\n<p>Fituesi i vendit te par\u00eb :<\/p>\n\n\n\n<p>Shkolla &#8220;Harry Fultz&#8221; \u00e7mimi ofruar nga Bashkia Tiran\u00eb;<\/p>\n\n\n\n<p>Fituesi i vendit t\u0113 dyt\u00eb nx\u00ebn\u00ebs t\u00eb shkoll\u00ebs teknike &#8220;Gjergji Canco&#8221;, \u00e7mim i ofruar nga shoq\u00ebria &#8220;Vigan Group&#8221;;<\/p>\n\n\n\n<p>Fituesi i vendit t\u00eb tret\u00eb, Universiteti &#8220;Epoka&#8221; \u00e7mim i ofruar nga Dhoma e Tregtis\u00eb dhe Industris\u00eb.<\/p>\n\n\n\n<p>N\u00eb p\u00ebrfundim t\u00eb eventit, Drejtori i P\u00ebrgjithsh\u00ebm i DPPI, znj. Rovena Beqiraj duke theksuar dhe nj\u00ebher\u00eb r\u00ebnd\u00ebsin\u00eb q\u00eb ka mbrojtja e t\u00eb drejtave t\u00eb pron\u00ebsis\u00eb intelektuale p\u00ebr t\u00eb rinjt\u00eb me ide inovatore, falenderoi bashk\u00ebpuntor\u00ebt si dhe pjes\u00ebmarr\u00ebsit n\u00eb konkurs p\u00ebr angazhimin dhe p\u00ebrkushtimin e treguar n\u00eb realizimin e k\u00ebtij konkursi.<\/p>\n\n\n\n<p><a href=\"https:\/\/www.facebook.com\/hashtag\/ipandyouth?__eep__=6&amp;__cft__%5b0%5d=AZUAtLUbpEEDUqlScOFFCSRY6EQVJxHuewHY7RuaLL3LTH3Yai-4X_H8ktcFWcUnvU1ib2I63PYrTwybCiwpMwyvKJkrtMagcqqJf8LabE-K4oBMVj2285TgWGnamgovawBp34S9zJb53xn6cfNS50q2iE9tETvmrL1iEh2YCLWe2Dz85obN0qHtewRpH1W74lA&amp;__tn__=*NK-R\">#IPandYouth<\/a><\/p>\n\n\n\n<p><a href=\"https:\/\/www.facebook.com\/hashtag\/nationalcompetition?__eep__=6&amp;__cft__%5b0%5d=AZUAtLUbpEEDUqlScOFFCSRY6EQVJxHuewHY7RuaLL3LTH3Yai-4X_H8ktcFWcUnvU1ib2I63PYrTwybCiwpMwyvKJkrtMagcqqJf8LabE-K4oBMVj2285TgWGnamgovawBp34S9zJb53xn6cfNS50q2iE9tETvmrL1iEh2YCLWe2Dz85obN0qHtewRpH1W74lA&amp;__tn__=*NK-R\">#NationalCompetition<\/a><\/p>\n\n\n\n<p><a href=\"https:\/\/www.facebook.com\/hashtag\/bashkiatirane?__eep__=6&amp;__cft__%5b0%5d=AZUAtLUbpEEDUqlScOFFCSRY6EQVJxHuewHY7RuaLL3LTH3Yai-4X_H8ktcFWcUnvU1ib2I63PYrTwybCiwpMwyvKJkrtMagcqqJf8LabE-K4oBMVj2285TgWGnamgovawBp34S9zJb53xn6cfNS50q2iE9tETvmrL1iEh2YCLWe2Dz85obN0qHtewRpH1W74lA&amp;__tn__=*NK-R\">#BashkiaTirane<\/a><\/p>\n\n\n\n<p><a href=\"https:\/\/www.facebook.com\/hashtag\/dppi?__eep__=6&amp;__cft__%5b0%5d=AZUAtLUbpEEDUqlScOFFCSRY6EQVJxHuewHY7RuaLL3LTH3Yai-4X_H8ktcFWcUnvU1ib2I63PYrTwybCiwpMwyvKJkrtMagcqqJf8LabE-K4oBMVj2285TgWGnamgovawBp34S9zJb53xn6cfNS50q2iE9tETvmrL1iEh2YCLWe2Dz85obN0qHtewRpH1W74lA&amp;__tn__=*NK-R\">#DPPI<\/a><\/p>\n\n\n\n<p><a href=\"https:\/\/www.facebook.com\/hashtag\/vigangroup?__eep__=6&amp;__cft__%5b0%5d=AZUAtLUbpEEDUqlScOFFCSRY6EQVJxHuewHY7RuaLL3LTH3Yai-4X_H8ktcFWcUnvU1ib2I63PYrTwybCiwpMwyvKJkrtMagcqqJf8LabE-K4oBMVj2285TgWGnamgovawBp34S9zJb53xn6cfNS50q2iE9tETvmrL1iEh2YCLWe2Dz85obN0qHtewRpH1W74lA&amp;__tn__=*NK-R\">#VIGANGROUP<\/a><\/p>\n\n\n\n<p><a href=\"https:\/\/www.facebook.com\/hashtag\/dhomatregtiseindustrise?__eep__=6&amp;__cft__%5b0%5d=AZUAtLUbpEEDUqlScOFFCSRY6EQVJxHuewHY7RuaLL3LTH3Yai-4X_H8ktcFWcUnvU1ib2I63PYrTwybCiwpMwyvKJkrtMagcqqJf8LabE-K4oBMVj2285TgWGnamgovawBp34S9zJb53xn6cfNS50q2iE9tETvmrL1iEh2YCLWe2Dz85obN0qHtewRpH1W74lA&amp;__tn__=*NK-R\">#DhomaTregtiseIndustrise<\/a><\/p>\n\n\n\n<p><a href=\"https:\/\/www.facebook.com\/profile.php?id=100011030383485&amp;comment_id=Y29tbWVudDoxNjQyMTAxNzM2MTQ0MzEzXzE2NDIyNjM5MDI3OTQ3NjM%3D&amp;__cft__%5b0%5d=AZUAtLUbpEEDUqlScOFFCSRY6EQVJxHuewHY7RuaLL3LTH3Yai-4X_H8ktcFWcUnvU1ib2I63PYrTwybCiwpMwyvKJkrtMagcqqJf8LabE-K4oBMVj2285TgWGnamgovawBp34S9zJb53xn6cfNS50q2iE9tETvmrL1iEh2YCLWe2Dz85obN0qHtewRpH1W74lA&amp;__tn__=R%5d-R\">Mikela Tollumbi<\/a><\/p>\n\n\n\n<p><\/p>\n\n\n\n<figure class=\"wp-block-gallery has-nested-images columns-default is-cropped wp-block-gallery-1 is-layout-flex wp-block-gallery-is-layout-flex\">\n<figure class=\"wp-block-image size-large\"><img decoding=\"async\" loading=\"lazy\" width=\"250\" height=\"334\" data-id=\"868\" src=\"https:\/\/shkollatpi.dppi.gov.al\/wp-content\/uploads\/2023\/11\/Picture1-1.png\" alt=\"\" class=\"wp-image-868\" srcset=\"https:\/\/shkollatpi.dppi.gov.al\/wp-content\/uploads\/2023\/11\/Picture1-1.png 250w, https:\/\/shkollatpi.dppi.gov.al\/wp-content\/uploads\/2023\/11\/Picture1-1-225x300.png 225w, https:\/\/shkollatpi.dppi.gov.al\/wp-content\/uploads\/2023\/11\/Picture1-1-56x75.png 56w\" sizes=\"(max-width:767px) 250px, 250px\" \/><\/figure>\n\n\n\n<figure class=\"wp-block-image size-large\"><img decoding=\"async\" loading=\"lazy\" width=\"248\" height=\"331\" data-id=\"870\" src=\"https:\/\/shkollatpi.dppi.gov.al\/wp-content\/uploads\/2023\/11\/Picture2-1.png\" alt=\"\" class=\"wp-image-870\" srcset=\"https:\/\/shkollatpi.dppi.gov.al\/wp-content\/uploads\/2023\/11\/Picture2-1.png 248w, https:\/\/shkollatpi.dppi.gov.al\/wp-content\/uploads\/2023\/11\/Picture2-1-225x300.png 225w, https:\/\/shkollatpi.dppi.gov.al\/wp-content\/uploads\/2023\/11\/Picture2-1-56x75.png 56w\" sizes=\"(max-width:767px) 248px, 248px\" \/><\/figure>\n\n\n\n<figure class=\"wp-block-image size-large\"><img decoding=\"async\" loading=\"lazy\" width=\"206\" height=\"275\" data-id=\"872\" src=\"https:\/\/shkollatpi.dppi.gov.al\/wp-content\/uploads\/2023\/11\/Picture3-1.png\" alt=\"\" class=\"wp-image-872\" srcset=\"https:\/\/shkollatpi.dppi.gov.al\/wp-content\/uploads\/2023\/11\/Picture3-1.png 206w, https:\/\/shkollatpi.dppi.gov.al\/wp-content\/uploads\/2023\/11\/Picture3-1-56x75.png 56w\" sizes=\"(max-width:767px) 206px, 206px\" \/><\/figure>\n\n\n\n<figure class=\"wp-block-image size-large\"><img decoding=\"async\" loading=\"lazy\" width=\"359\" height=\"269\" data-id=\"874\" src=\"https:\/\/shkollatpi.dppi.gov.al\/wp-content\/uploads\/2023\/11\/Picture4-1.png\" alt=\"\" class=\"wp-image-874\" srcset=\"https:\/\/shkollatpi.dppi.gov.al\/wp-content\/uploads\/2023\/11\/Picture4-1.png 359w, https:\/\/shkollatpi.dppi.gov.al\/wp-content\/uploads\/2023\/11\/Picture4-1-300x225.png 300w, https:\/\/shkollatpi.dppi.gov.al\/wp-content\/uploads\/2023\/11\/Picture4-1-100x75.png 100w\" sizes=\"(max-width:767px) 359px, 359px\" \/><\/figure>\n\n\n\n<figure class=\"wp-block-image size-large\"><img decoding=\"async\" loading=\"lazy\" width=\"379\" height=\"284\" data-id=\"878\" src=\"https:\/\/shkollatpi.dppi.gov.al\/wp-content\/uploads\/2023\/11\/Picture5-1.png\" alt=\"\" class=\"wp-image-878\" srcset=\"https:\/\/shkollatpi.dppi.gov.al\/wp-content\/uploads\/2023\/11\/Picture5-1.png 379w, https:\/\/shkollatpi.dppi.gov.al\/wp-content\/uploads\/2023\/11\/Picture5-1-300x225.png 300w, https:\/\/shkollatpi.dppi.gov.al\/wp-content\/uploads\/2023\/11\/Picture5-1-100x75.png 100w\" sizes=\"(max-width:767px) 379px, 379px\" \/><\/figure>\n\n\n\n<figure class=\"wp-block-image size-large\"><img decoding=\"async\" loading=\"lazy\" width=\"349\" height=\"262\" data-id=\"876\" src=\"https:\/\/shkollatpi.dppi.gov.al\/wp-content\/uploads\/2023\/11\/Picture6-1.png\" alt=\"\" class=\"wp-image-876\" srcset=\"https:\/\/shkollatpi.dppi.gov.al\/wp-content\/uploads\/2023\/11\/Picture6-1.png 349w, https:\/\/shkollatpi.dppi.gov.al\/wp-content\/uploads\/2023\/11\/Picture6-1-300x225.png 300w, https:\/\/shkollatpi.dppi.gov.al\/wp-content\/uploads\/2023\/11\/Picture6-1-100x75.png 100w\" sizes=\"(max-width:767px) 349px, 349px\" \/><\/figure>\n\n\n\n<figure class=\"wp-block-image size-large\"><img decoding=\"async\" loading=\"lazy\" width=\"602\" height=\"451\" data-id=\"880\" src=\"https:\/\/shkollatpi.dppi.gov.al\/wp-content\/uploads\/2023\/11\/Picture7-3.png\" alt=\"\" class=\"wp-image-880\" srcset=\"https:\/\/shkollatpi.dppi.gov.al\/wp-content\/uploads\/2023\/11\/Picture7-3.png 602w, https:\/\/shkollatpi.dppi.gov.al\/wp-content\/uploads\/2023\/11\/Picture7-3-500x375.png 500w, https:\/\/shkollatpi.dppi.gov.al\/wp-content\/uploads\/2023\/11\/Picture7-3-300x225.png 300w, https:\/\/shkollatpi.dppi.gov.al\/wp-content\/uploads\/2023\/11\/Picture7-3-100x75.png 100w, https:\/\/shkollatpi.dppi.gov.al\/wp-content\/uploads\/2023\/11\/Picture7-3-480x360.png 480w\" sizes=\"(max-width:767px) 480px, 602px\" \/><\/figure>\n\n\n\n<figure class=\"wp-block-image size-large\"><img decoding=\"async\" loading=\"lazy\" width=\"602\" height=\"571\" data-id=\"882\" src=\"https:\/\/shkollatpi.dppi.gov.al\/wp-content\/uploads\/2023\/11\/Picture8-2.png\" alt=\"\" class=\"wp-image-882\" srcset=\"https:\/\/shkollatpi.dppi.gov.al\/wp-content\/uploads\/2023\/11\/Picture8-2.png 602w, https:\/\/shkollatpi.dppi.gov.al\/wp-content\/uploads\/2023\/11\/Picture8-2-500x474.png 500w, https:\/\/shkollatpi.dppi.gov.al\/wp-content\/uploads\/2023\/11\/Picture8-2-300x285.png 300w, https:\/\/shkollatpi.dppi.gov.al\/wp-content\/uploads\/2023\/11\/Picture8-2-79x75.png 79w, https:\/\/shkollatpi.dppi.gov.al\/wp-content\/uploads\/2023\/11\/Picture8-2-480x455.png 480w\" sizes=\"(max-width:767px) 480px, 602px\" \/><\/figure>\n<\/figure>\n","protected":false},"excerpt":{"rendered":"<p>Nuk mund t\u00eb mbyllej m\u00eb bukur dita e sotme sesa me t\u00eb rinjt\u00eb inovator\u00eb t\u00eb Kryeqytetit, djem dhe vajza t\u00eb talentuar n\u00eb fusha t\u00eb ndryshme t\u00eb<span class=\"excerpt-hellip\"> [\u2026]<\/span><\/p>\n","protected":false},"author":1,"featured_media":882,"parent":0,"menu_order":0,"comment_status":"closed","ping_status":"closed","template":"","meta":{"footnotes":""},"_links":{"self":[{"href":"https:\/\/shkollatpi.dppi.gov.al\/index.php?rest_route=\/wp\/v2\/pages\/386"}],"collection":[{"href":"https:\/\/shkollatpi.dppi.gov.al\/index.php?rest_route=\/wp\/v2\/pages"}],"about":[{"href":"https:\/\/shkollatpi.dppi.gov.al\/index.php?rest_route=\/wp\/v2\/types\/page"}],"author":[{"embeddable":true,"href":"https:\/\/shkollatpi.dppi.gov.al\/index.php?rest_route=\/wp\/v2\/users\/1"}],"replies":[{"embeddable":true,"href":"https:\/\/shkollatpi.dppi.gov.al\/index.php?rest_route=%2Fwp%2Fv2%2Fcomments&post=386"}],"version-history":[{"count":3,"href":"https:\/\/shkollatpi.dppi.gov.al\/index.php?rest_route=\/wp\/v2\/pages\/386\/revisions"}],"predecessor-version":[{"id":885,"href":"https:\/\/shkollatpi.dppi.gov.al\/index.php?rest_route=\/wp\/v2\/pages\/386\/revisions\/885"}],"wp:featuredmedia":[{"embeddable":true,"href":"https:\/\/shkollatpi.dppi.gov.al\/index.php?rest_route=\/wp\/v2\/media\/882"}],"wp:attachment":[{"href":"https:\/\/shkollatpi.dppi.gov.al\/index.php?rest_route=%2Fwp%2Fv2%2Fmedia&parent=386"}],"curies":[{"name":"wp","href":"https:\/\/api.w.org\/{rel}","templated":true}]}}