{"id":388,"date":"2023-09-11T11:54:12","date_gmt":"2023-09-11T11:54:12","guid":{"rendered":"http:\/\/shkollatpi.dppi.gov.al\/?page_id=388"},"modified":"2023-09-19T09:56:53","modified_gmt":"2023-09-19T09:56:53","slug":"dita-boterore-e-pronesis-intelektuale","status":"publish","type":"page","link":"https:\/\/shkollatpi.dppi.gov.al\/?page_id=388","title":{"rendered":"Dita Bot\u00ebrore e Pron\u00ebsis\u00eb Intelektuale"},"content":{"rendered":"","protected":false},"excerpt":{"rendered":"","protected":false},"author":1,"featured_media":0,"parent":0,"menu_order":0,"comment_status":"closed","ping_status":"closed","template":"","meta":{"footnotes":""},"_links":{"self":[{"href":"https:\/\/shkollatpi.dppi.gov.al\/index.php?rest_route=\/wp\/v2\/pages\/388"}],"collection":[{"href":"https:\/\/shkollatpi.dppi.gov.al\/index.php?rest_route=\/wp\/v2\/pages"}],"about":[{"href":"https:\/\/shkollatpi.dppi.gov.al\/index.php?rest_route=\/wp\/v2\/types\/page"}],"author":[{"embeddable":true,"href":"https:\/\/shkollatpi.dppi.gov.al\/index.php?rest_route=\/wp\/v2\/users\/1"}],"replies":[{"embeddable":true,"href":"https:\/\/shkollatpi.dppi.gov.al\/index.php?rest_route=%2Fwp%2Fv2%2Fcomments&post=388"}],"version-history":[{"count":2,"href":"https:\/\/shkollatpi.dppi.gov.al\/index.php?rest_route=\/wp\/v2\/pages\/388\/revisions"}],"predecessor-version":[{"id":679,"href":"https:\/\/shkollatpi.dppi.gov.al\/index.php?rest_route=\/wp\/v2\/pages\/388\/revisions\/679"}],"wp:attachment":[{"href":"https:\/\/shkollatpi.dppi.gov.al\/index.php?rest_route=%2Fwp%2Fv2%2Fmedia&parent=388"}],"curies":[{"name":"wp","href":"https:\/\/api.w.org\/{rel}","templated":true}]}}